				
{"id":144639,"date":"2023-04-15T11:17:03","date_gmt":"2023-04-15T11:17:03","guid":{"rendered":"https:\/\/stl.tech\/services-dautomatisation\/"},"modified":"2023-08-07T11:50:38","modified_gmt":"2023-08-07T11:50:38","slug":"services-dautomatisation","status":"publish","type":"page","link":"https:\/\/stl.tech\/fr\/services-dautomatisation\/","title":{"rendered":"Services d&rsquo;automatisation"},"content":{"rendered":"\t\t<div data-elementor-type=\"wp-page\" data-elementor-id=\"144639\" class=\"elementor elementor-144639 elementor-97428\" data-elementor-post-type=\"page\">\n\t\t\t\t\t\t<section class=\"elementor-section elementor-top-section elementor-element elementor-element-87ae7e1 elementor-section-full_width elementor-section-stretched elementor-section-height-default elementor-section-height-default\" data-id=\"87ae7e1\" data-element_type=\"section\" data-settings=\"{&quot;background_background&quot;:&quot;classic&quot;,&quot;stretch_section&quot;:&quot;section-stretched&quot;}\">\n\t\t\t\t\t\t<div class=\"elementor-container elementor-column-gap-no\">\n\t\t\t\t\t<div class=\"elementor-column elementor-col-100 elementor-top-column elementor-element elementor-element-af8d9f5\" data-id=\"af8d9f5\" data-element_type=\"column\">\n\t\t\t<div class=\"elementor-widget-wrap elementor-element-populated\">\n\t\t\t\t\t\t<div class=\"elementor-element elementor-element-a2401bb elementor-widget elementor-widget-image\" data-id=\"a2401bb\" data-element_type=\"widget\" data-widget_type=\"image.default\">\n\t\t\t\t<div class=\"elementor-widget-container\">\n\t\t\t<style>\/*! elementor - v3.23.0 - 05-08-2024 *\/\n.elementor-widget-image{text-align:center}.elementor-widget-image a{display:inline-block}.elementor-widget-image a img[src$=\".svg\"]{width:48px}.elementor-widget-image img{vertical-align:middle;display:inline-block}<\/style>\t\t\t\t\t\t\t\t\t\t<img fetchpriority=\"high\" decoding=\"async\" width=\"1366\" height=\"333\" src=\"https:\/\/stl.tech\/wp-content\/uploads\/2023\/04\/service_banner3.jpg\" class=\"attachment-full size-full wp-image-144642\" alt=\"\" srcset=\"https:\/\/stl.tech\/wp-content\/uploads\/2023\/04\/service_banner3.jpg 1366w, https:\/\/stl.tech\/wp-content\/uploads\/2023\/04\/service_banner3-300x73.jpg 300w, https:\/\/stl.tech\/wp-content\/uploads\/2023\/04\/service_banner3-1024x250.jpg 1024w, https:\/\/stl.tech\/wp-content\/uploads\/2023\/04\/service_banner3-768x187.jpg 768w\" sizes=\"(max-width: 1366px) 100vw, 1366px\" \/>\t\t\t\t\t\t\t\t\t\t\t\t\t<\/div>\n\t\t\t\t<\/div>\n\t\t\t\t\t<\/div>\n\t\t<\/div>\n\t\t\t\t\t<\/div>\n\t\t<\/section>\n\t\t\t\t<section class=\"elementor-section elementor-top-section elementor-element elementor-element-25c0c3a7 elementor-section-boxed elementor-section-height-default elementor-section-height-default\" data-id=\"25c0c3a7\" data-element_type=\"section\">\n\t\t\t\t\t\t<div class=\"elementor-container elementor-column-gap-default\">\n\t\t\t\t\t<div class=\"elementor-column elementor-col-50 elementor-top-column elementor-element elementor-element-163a5b1c\" data-id=\"163a5b1c\" data-element_type=\"column\">\n\t\t\t<div class=\"elementor-widget-wrap elementor-element-populated\">\n\t\t\t\t\t\t<div class=\"elementor-element elementor-element-61075e82 elementor-widget elementor-widget-heading\" data-id=\"61075e82\" data-element_type=\"widget\" data-widget_type=\"heading.default\">\n\t\t\t\t<div class=\"elementor-widget-container\">\n\t\t\t<style>\/*! elementor - v3.23.0 - 05-08-2024 *\/\n.elementor-heading-title{padding:0;margin:0;line-height:1}.elementor-widget-heading .elementor-heading-title[class*=elementor-size-]>a{color:inherit;font-size:inherit;line-height:inherit}.elementor-widget-heading .elementor-heading-title.elementor-size-small{font-size:15px}.elementor-widget-heading .elementor-heading-title.elementor-size-medium{font-size:19px}.elementor-widget-heading .elementor-heading-title.elementor-size-large{font-size:29px}.elementor-widget-heading .elementor-heading-title.elementor-size-xl{font-size:39px}.elementor-widget-heading .elementor-heading-title.elementor-size-xxl{font-size:59px}<\/style><h2 class=\"elementor-heading-title elementor-size-default\">SERVICES D'AUTOMATISATION<\/h2>\t\t<\/div>\n\t\t\t\t<\/div>\n\t\t\t\t<div class=\"elementor-element elementor-element-43d2f6ba elementor-widget elementor-widget-heading\" data-id=\"43d2f6ba\" data-element_type=\"widget\" data-widget_type=\"heading.default\">\n\t\t\t\t<div class=\"elementor-widget-container\">\n\t\t\t<h2 class=\"elementor-heading-title elementor-size-default\">Des solutions d'automatisation pour le court, le moyen et le long terme<\/h2>\t\t<\/div>\n\t\t\t\t<\/div>\n\t\t\t\t<div class=\"elementor-element elementor-element-4a262353 elementor-widget elementor-widget-text-editor\" data-id=\"4a262353\" data-element_type=\"widget\" data-widget_type=\"text-editor.default\">\n\t\t\t\t<div class=\"elementor-widget-container\">\n\t\t\t<style>\/*! elementor - v3.23.0 - 05-08-2024 *\/\n.elementor-widget-text-editor.elementor-drop-cap-view-stacked .elementor-drop-cap{background-color:#69727d;color:#fff}.elementor-widget-text-editor.elementor-drop-cap-view-framed .elementor-drop-cap{color:#69727d;border:3px solid;background-color:transparent}.elementor-widget-text-editor:not(.elementor-drop-cap-view-default) .elementor-drop-cap{margin-top:8px}.elementor-widget-text-editor:not(.elementor-drop-cap-view-default) .elementor-drop-cap-letter{width:1em;height:1em}.elementor-widget-text-editor .elementor-drop-cap{float:left;text-align:center;line-height:1;font-size:50px}.elementor-widget-text-editor .elementor-drop-cap-letter{display:inline-block}<\/style>\t\t\t\t<strong>Les gestionnaires de programme certifi\u00e9s et exp\u00e9riment\u00e9s offrent :<\/strong>\n\n<ul>\n \t<li>\u00c9valuation des op\u00e9rations en cours (processus et syst\u00e8mes) et des personnes concern\u00e9es<\/li>\n \t<li>D\u00e9finir une feuille de route d&rsquo;automatisation \u00e9troitement align\u00e9e sur les objectifs de l&rsquo;entreprise<\/li>\n \t<li>Mise en \u0153uvre de solutions d&rsquo;automatisation \u00e0 court terme \u00e0 l&rsquo;aide d&rsquo;outils RDA\/RPA<\/li>\n \t<li>Mise en \u0153uvre d&rsquo;une solution d&rsquo;automatisation \u00e0 moyen terme \u00e0 l&rsquo;aide de BPM et d&rsquo;int\u00e9grations bas\u00e9es sur des API<\/li>\n \t<li>Tracer une feuille de route et la mettre en \u0153uvre pour les opportunit\u00e9s d&rsquo;automatisation \u00e0 long terme en utilisant des initiatives strat\u00e9giques align\u00e9es sur la vision et les objectifs des CSP &#8211; bas\u00e9es sur l&rsquo;architecture des micro-services, les prescriptions bas\u00e9es sur l&rsquo;IA et l&rsquo;auto-d\u00e9cision, etc.<\/li>\n<\/ul>\t\t\t\t\t\t<\/div>\n\t\t\t\t<\/div>\n\t\t\t\t\t<\/div>\n\t\t<\/div>\n\t\t\t\t<div class=\"elementor-column elementor-col-50 elementor-top-column elementor-element elementor-element-21d19fb0\" data-id=\"21d19fb0\" data-element_type=\"column\">\n\t\t\t<div class=\"elementor-widget-wrap elementor-element-populated\">\n\t\t\t\t\t\t<div class=\"elementor-element elementor-element-1e96b4eb elementor-widget elementor-widget-heading\" data-id=\"1e96b4eb\" data-element_type=\"widget\" data-widget_type=\"heading.default\">\n\t\t\t\t<div class=\"elementor-widget-container\">\n\t\t\t<h2 class=\"elementor-heading-title elementor-size-default\">CARACT\u00c9RISTIQUES PRINCIPALES<\/h2>\t\t<\/div>\n\t\t\t\t<\/div>\n\t\t\t\t<div class=\"elementor-element elementor-element-61d3a577 elementor-widget elementor-widget-text-editor\" data-id=\"61d3a577\" data-element_type=\"widget\" data-widget_type=\"text-editor.default\">\n\t\t\t\t<div class=\"elementor-widget-container\">\n\t\t\t\t\t\t\t<ul>\n \t<li>R\u00e9ponse rapide aux besoins du march\u00e9 gr\u00e2ce \u00e0 l&rsquo;adoption d&rsquo;Agile &amp;DevOps.<\/li>\n \t<li>Les \u00e9quipes charg\u00e9es des op\u00e9rations et de l&rsquo;informatique sont \u00e9quip\u00e9es pour passer \u00e0 des op\u00e9rations sans contact.<\/li>\n \t<li>Vue \u00e0 360\u00b0 sur la technologie, les op\u00e9rations et les indicateurs cl\u00e9s de performance (KPI) de l&rsquo;entreprise<\/li>\n<\/ul>\t\t\t\t\t\t<\/div>\n\t\t\t\t<\/div>\n\t\t\t\t\t<\/div>\n\t\t<\/div>\n\t\t\t\t\t<\/div>\n\t\t<\/section>\n\t\t\t\t<\/div>\n\t\t","protected":false},"excerpt":{"rendered":"<p>SERVICES D&rsquo;AUTOMATISATION Des solutions d&rsquo;automatisation pour le court, le moyen et le long terme Les gestionnaires de programme certifi\u00e9s et exp\u00e9riment\u00e9s offrent : \u00c9valuation des op\u00e9rations en cours (processus et syst\u00e8mes) et des personnes concern\u00e9es D\u00e9finir une feuille de route d&rsquo;automatisation \u00e9troitement align\u00e9e sur les objectifs de l&rsquo;entreprise Mise en \u0153uvre de solutions d&rsquo;automatisation \u00e0 [&hellip;]<\/p>\n","protected":false},"author":16,"featured_media":0,"parent":0,"menu_order":0,"comment_status":"closed","ping_status":"closed","template":"elementor_header_footer","meta":{"_acf_changed":false,"footnotes":""},"class_list":["post-144639","page","type-page","status-publish","hentry"],"acf":[],"yoast_head":"<!-- This site is optimized with the Yoast SEO plugin v26.1.1 - https:\/\/yoast.com\/wordpress\/plugins\/seo\/ -->\n<title>SERVICES D&#039;AUTOMATISATION<\/title>\n<meta name=\"description\" content=\"D\u00e9couvrez la puissance de l&#039;Internet des objets avec les services IoT de STL Tech. De la maison intelligente \u00e0 l&#039;automatisation industrielle, nous fournissons des solutions innovantes pour un monde connect\u00e9. Prenez contact avec nous pour en savoir plus.\" \/>\n<meta name=\"robots\" content=\"index, follow, max-snippet:-1, max-image-preview:large, max-video-preview:-1\" \/>\n<link rel=\"canonical\" href=\"https:\/\/stl.tech\/fr\/services-dautomatisation\/\" \/>\n<meta property=\"og:locale\" content=\"fr_FR\" \/>\n<meta property=\"og:type\" content=\"article\" \/>\n<meta property=\"og:title\" content=\"SERVICES D&#039;AUTOMATISATION\" \/>\n<meta property=\"og:description\" content=\"D\u00e9couvrez la puissance de l&#039;Internet des objets avec les services IoT de STL Tech. De la maison intelligente \u00e0 l&#039;automatisation industrielle, nous fournissons des solutions innovantes pour un monde connect\u00e9. Prenez contact avec nous pour en savoir plus.\" \/>\n<meta property=\"og:url\" content=\"https:\/\/stl.tech\/fr\/services-dautomatisation\/\" \/>\n<meta property=\"og:site_name\" content=\"STL Tech\" \/>\n<meta property=\"article:publisher\" content=\"https:\/\/www.facebook.com\/people\/STL-Sterlite-Technologies-Limited\/100064100861804\/\" \/>\n<meta property=\"article:modified_time\" content=\"2023-08-07T11:50:38+00:00\" \/>\n<meta property=\"og:image\" content=\"https:\/\/stl.tech\/wp-content\/uploads\/2023\/04\/service_banner3.jpg\" \/>\n<meta name=\"twitter:card\" content=\"summary_large_image\" \/>\n<meta name=\"twitter:site\" content=\"@STL_tech\" \/>\n<meta name=\"twitter:label1\" content=\"Dur\u00e9e de lecture estim\u00e9e\" \/>\n\t<meta name=\"twitter:data1\" content=\"1 minute\" \/>\n<script type=\"application\/ld+json\" class=\"yoast-schema-graph\">{\"@context\":\"https:\/\/schema.org\",\"@graph\":[{\"@type\":\"WebPage\",\"@id\":\"https:\/\/stl.tech\/fr\/services-dautomatisation\/\",\"url\":\"https:\/\/stl.tech\/fr\/services-dautomatisation\/\",\"name\":\"SERVICES D'AUTOMATISATION\",\"isPartOf\":{\"@id\":\"https:\/\/stl.tech\/fr\/#website\"},\"primaryImageOfPage\":{\"@id\":\"https:\/\/stl.tech\/fr\/services-dautomatisation\/#primaryimage\"},\"image\":{\"@id\":\"https:\/\/stl.tech\/fr\/services-dautomatisation\/#primaryimage\"},\"thumbnailUrl\":\"https:\/\/stl.tech\/wp-content\/uploads\/2023\/04\/service_banner3.jpg\",\"datePublished\":\"2023-04-15T11:17:03+00:00\",\"dateModified\":\"2023-08-07T11:50:38+00:00\",\"description\":\"D\u00e9couvrez la puissance de l'Internet des objets avec les services IoT de STL Tech. De la maison intelligente \u00e0 l'automatisation industrielle, nous fournissons des solutions innovantes pour un monde connect\u00e9. Prenez contact avec nous pour en savoir plus.\",\"breadcrumb\":{\"@id\":\"https:\/\/stl.tech\/fr\/services-dautomatisation\/#breadcrumb\"},\"inLanguage\":\"fr-FR\",\"potentialAction\":[{\"@type\":\"ReadAction\",\"target\":[\"https:\/\/stl.tech\/fr\/services-dautomatisation\/\"]}]},{\"@type\":\"ImageObject\",\"inLanguage\":\"fr-FR\",\"@id\":\"https:\/\/stl.tech\/fr\/services-dautomatisation\/#primaryimage\",\"url\":\"https:\/\/stl.tech\/wp-content\/uploads\/2023\/04\/service_banner3.jpg\",\"contentUrl\":\"https:\/\/stl.tech\/wp-content\/uploads\/2023\/04\/service_banner3.jpg\"},{\"@type\":\"BreadcrumbList\",\"@id\":\"https:\/\/stl.tech\/fr\/services-dautomatisation\/#breadcrumb\",\"itemListElement\":[{\"@type\":\"ListItem\",\"position\":1,\"name\":\"Home\",\"item\":\"https:\/\/stl.tech\/fr\/\"},{\"@type\":\"ListItem\",\"position\":2,\"name\":\"Services d&#8217;automatisation\"}]},{\"@type\":\"WebSite\",\"@id\":\"https:\/\/stl.tech\/fr\/#website\",\"url\":\"https:\/\/stl.tech\/fr\/\",\"name\":\"STL Tech\",\"description\":\"\",\"publisher\":{\"@id\":\"https:\/\/stl.tech\/fr\/#organization\"},\"potentialAction\":[{\"@type\":\"SearchAction\",\"target\":{\"@type\":\"EntryPoint\",\"urlTemplate\":\"https:\/\/stl.tech\/fr\/?s={search_term_string}\"},\"query-input\":{\"@type\":\"PropertyValueSpecification\",\"valueRequired\":true,\"valueName\":\"search_term_string\"}}],\"inLanguage\":\"fr-FR\"},{\"@type\":\"Organization\",\"@id\":\"https:\/\/stl.tech\/fr\/#organization\",\"name\":\"STL Tech\",\"url\":\"https:\/\/stl.tech\/fr\/\",\"logo\":{\"@type\":\"ImageObject\",\"inLanguage\":\"fr-FR\",\"@id\":\"https:\/\/stl.tech\/fr\/#\/schema\/logo\/image\/\",\"url\":\"https:\/\/stl.tech\/wp-content\/uploads\/2022\/10\/stl2_logo.png\",\"contentUrl\":\"https:\/\/stl.tech\/wp-content\/uploads\/2022\/10\/stl2_logo.png\",\"width\":119,\"height\":40,\"caption\":\"STL Tech\"},\"image\":{\"@id\":\"https:\/\/stl.tech\/fr\/#\/schema\/logo\/image\/\"},\"sameAs\":[\"https:\/\/www.facebook.com\/people\/STL-Sterlite-Technologies-Limited\/100064100861804\/\",\"https:\/\/x.com\/STL_tech\",\"https:\/\/www.linkedin.com\/company\/sterlite-technologies-ltd-\/\"]}]}<\/script>\n<!-- \/ Yoast SEO plugin. -->","yoast_head_json":{"title":"SERVICES D'AUTOMATISATION","description":"D\u00e9couvrez la puissance de l'Internet des objets avec les services IoT de STL Tech. De la maison intelligente \u00e0 l'automatisation industrielle, nous fournissons des solutions innovantes pour un monde connect\u00e9. Prenez contact avec nous pour en savoir plus.","robots":{"index":"index","follow":"follow","max-snippet":"max-snippet:-1","max-image-preview":"max-image-preview:large","max-video-preview":"max-video-preview:-1"},"canonical":"https:\/\/stl.tech\/fr\/services-dautomatisation\/","og_locale":"fr_FR","og_type":"article","og_title":"SERVICES D'AUTOMATISATION","og_description":"D\u00e9couvrez la puissance de l'Internet des objets avec les services IoT de STL Tech. De la maison intelligente \u00e0 l'automatisation industrielle, nous fournissons des solutions innovantes pour un monde connect\u00e9. Prenez contact avec nous pour en savoir plus.","og_url":"https:\/\/stl.tech\/fr\/services-dautomatisation\/","og_site_name":"STL Tech","article_publisher":"https:\/\/www.facebook.com\/people\/STL-Sterlite-Technologies-Limited\/100064100861804\/","article_modified_time":"2023-08-07T11:50:38+00:00","og_image":[{"url":"https:\/\/stl.tech\/wp-content\/uploads\/2023\/04\/service_banner3.jpg","type":"","width":"","height":""}],"twitter_card":"summary_large_image","twitter_site":"@STL_tech","twitter_misc":{"Dur\u00e9e de lecture estim\u00e9e":"1 minute"},"schema":{"@context":"https:\/\/schema.org","@graph":[{"@type":"WebPage","@id":"https:\/\/stl.tech\/fr\/services-dautomatisation\/","url":"https:\/\/stl.tech\/fr\/services-dautomatisation\/","name":"SERVICES D'AUTOMATISATION","isPartOf":{"@id":"https:\/\/stl.tech\/fr\/#website"},"primaryImageOfPage":{"@id":"https:\/\/stl.tech\/fr\/services-dautomatisation\/#primaryimage"},"image":{"@id":"https:\/\/stl.tech\/fr\/services-dautomatisation\/#primaryimage"},"thumbnailUrl":"https:\/\/stl.tech\/wp-content\/uploads\/2023\/04\/service_banner3.jpg","datePublished":"2023-04-15T11:17:03+00:00","dateModified":"2023-08-07T11:50:38+00:00","description":"D\u00e9couvrez la puissance de l'Internet des objets avec les services IoT de STL Tech. De la maison intelligente \u00e0 l'automatisation industrielle, nous fournissons des solutions innovantes pour un monde connect\u00e9. Prenez contact avec nous pour en savoir plus.","breadcrumb":{"@id":"https:\/\/stl.tech\/fr\/services-dautomatisation\/#breadcrumb"},"inLanguage":"fr-FR","potentialAction":[{"@type":"ReadAction","target":["https:\/\/stl.tech\/fr\/services-dautomatisation\/"]}]},{"@type":"ImageObject","inLanguage":"fr-FR","@id":"https:\/\/stl.tech\/fr\/services-dautomatisation\/#primaryimage","url":"https:\/\/stl.tech\/wp-content\/uploads\/2023\/04\/service_banner3.jpg","contentUrl":"https:\/\/stl.tech\/wp-content\/uploads\/2023\/04\/service_banner3.jpg"},{"@type":"BreadcrumbList","@id":"https:\/\/stl.tech\/fr\/services-dautomatisation\/#breadcrumb","itemListElement":[{"@type":"ListItem","position":1,"name":"Home","item":"https:\/\/stl.tech\/fr\/"},{"@type":"ListItem","position":2,"name":"Services d&#8217;automatisation"}]},{"@type":"WebSite","@id":"https:\/\/stl.tech\/fr\/#website","url":"https:\/\/stl.tech\/fr\/","name":"STL Tech","description":"","publisher":{"@id":"https:\/\/stl.tech\/fr\/#organization"},"potentialAction":[{"@type":"SearchAction","target":{"@type":"EntryPoint","urlTemplate":"https:\/\/stl.tech\/fr\/?s={search_term_string}"},"query-input":{"@type":"PropertyValueSpecification","valueRequired":true,"valueName":"search_term_string"}}],"inLanguage":"fr-FR"},{"@type":"Organization","@id":"https:\/\/stl.tech\/fr\/#organization","name":"STL Tech","url":"https:\/\/stl.tech\/fr\/","logo":{"@type":"ImageObject","inLanguage":"fr-FR","@id":"https:\/\/stl.tech\/fr\/#\/schema\/logo\/image\/","url":"https:\/\/stl.tech\/wp-content\/uploads\/2022\/10\/stl2_logo.png","contentUrl":"https:\/\/stl.tech\/wp-content\/uploads\/2022\/10\/stl2_logo.png","width":119,"height":40,"caption":"STL Tech"},"image":{"@id":"https:\/\/stl.tech\/fr\/#\/schema\/logo\/image\/"},"sameAs":["https:\/\/www.facebook.com\/people\/STL-Sterlite-Technologies-Limited\/100064100861804\/","https:\/\/x.com\/STL_tech","https:\/\/www.linkedin.com\/company\/sterlite-technologies-ltd-\/"]}]}},"_links":{"self":[{"href":"https:\/\/stl.tech\/fr\/wp-json\/wp\/v2\/pages\/144639","targetHints":{"allow":["GET"]}}],"collection":[{"href":"https:\/\/stl.tech\/fr\/wp-json\/wp\/v2\/pages"}],"about":[{"href":"https:\/\/stl.tech\/fr\/wp-json\/wp\/v2\/types\/page"}],"author":[{"embeddable":true,"href":"https:\/\/stl.tech\/fr\/wp-json\/wp\/v2\/users\/16"}],"replies":[{"embeddable":true,"href":"https:\/\/stl.tech\/fr\/wp-json\/wp\/v2\/comments?post=144639"}],"version-history":[{"count":4,"href":"https:\/\/stl.tech\/fr\/wp-json\/wp\/v2\/pages\/144639\/revisions"}],"predecessor-version":[{"id":154740,"href":"https:\/\/stl.tech\/fr\/wp-json\/wp\/v2\/pages\/144639\/revisions\/154740"}],"wp:attachment":[{"href":"https:\/\/stl.tech\/fr\/wp-json\/wp\/v2\/media?parent=144639"}],"curies":[{"name":"wp","href":"https:\/\/api.w.org\/{rel}","templated":true}]}}